{"id":3,"date":"2025-04-25T22:53:49","date_gmt":"2025-04-25T22:53:49","guid":{"rendered":"https:\/\/www.ideainm.com\/?page_id=3"},"modified":"2025-08-20T12:37:02","modified_gmt":"2025-08-20T19:37:02","slug":"privacy-policy","status":"publish","type":"page","link":"https:\/\/www.ideainm.com\/es\/privacy-policy\/","title":{"rendered":"Aviso de Privacidad"},"content":{"rendered":"<div data-elementor-type=\"wp-page\" data-elementor-id=\"3\" class=\"elementor elementor-3\" data-elementor-post-type=\"page\">\n\t\t\t\t<div class=\"elementor-element elementor-element-cc823f9 e-con-full e-flex e-con e-parent\" data-id=\"cc823f9\" data-element_type=\"container\" data-e-type=\"container\">\n\t\t\t\t<div class=\"elementor-element elementor-element-5dcea69 elementor-widget elementor-widget-heading\" data-id=\"5dcea69\" data-element_type=\"widget\" data-e-type=\"widget\" data-widget_type=\"heading.default\">\n\t\t\t\t<div class=\"elementor-widget-container\">\n\t\t\t\t\t<h2 class=\"elementor-heading-title elementor-size-default\">Aviso<br>\nDe privacidad<\/h2>\t\t\t\t<\/div>\n\t\t\t\t<\/div>\n\t\t<div class=\"elementor-element elementor-element-dc57809 e-con-full e-flex e-con e-child\" data-id=\"dc57809\" data-element_type=\"container\" data-e-type=\"container\">\n\t\t\t\t<div class=\"elementor-element elementor-element-71d523e elementor-widget elementor-widget-text-editor\" data-id=\"71d523e\" data-element_type=\"widget\" data-e-type=\"widget\" data-widget_type=\"text-editor.default\">\n\t\t\t\t<div class=\"elementor-widget-container\">\n\t\t\t\t\t\t\t\t\t<p class=\"\" data-start=\"128\" data-end=\"559\">En <strong data-start=\"131\" data-end=\"139\">IDEA<\/strong> (IDEA INTEGRACION EN DESARROLLO INMOBILIARIO Y ARQUITECTURA), la protecci\u00f3n de sus datos personales es de suma importancia. Por lo tanto, ponemos a su disposici\u00f3n este Aviso de Privacidad de conformidad con lo dispuesto en la <em data-start=\"320\" data-end=\"388\">Ley Federal de Protecci\u00f3n de Datos Personales en Posesi\u00f3n de Particulares<\/em> (en adelante, \u201cLFPDPPP\u201d). Este documento describe nuestra pol\u00edtica de privacidad y c\u00f3mo protegemos la integridad, confidencialidad y seguridad de sus datos personales.<\/p><h3 class=\"\" data-start=\"561\" data-end=\"593\">Datos personales que podemos recopilar<\/h3><p class=\"\" data-start=\"595\" data-end=\"803\">Al aceptar este aviso de privacidad, nuestros usuarios y\/o clientes aceptan proporcionarnos, ya sea directamente o indirectamente a trav\u00e9s de nuestro personal, plataformas digitales o cualquier otro medio de contacto, la siguiente informaci\u00f3n:<\/p><p class=\"\" data-start=\"805\" data-end=\"1179\"><strong data-start=\"805\" data-end=\"828\">Datos de identificaci\u00f3n<\/strong>: Calle Irineo Michel, 59-A, Col. Las Palmas, Hermosillo, Sonora, M\u00e9xico, 83270.<\/p><p class=\"\" data-start=\"1181\" data-end=\"1386\">Todos los datos personales ser\u00e1n tratados con arreglo a los principios de legalidad, consentimiento, informaci\u00f3n, calidad, finalidad, lealtad, proporcionalidad y responsabilidad, de conformidad con la LFPDPPP y su reglamento.<\/p><h3 class=\"\" data-start=\"1388\" data-end=\"1435\">Identidad y direcci\u00f3n del responsable del tratamiento<\/h3><p class=\"\" data-start=\"1437\" data-end=\"1621\">La entidad responsable de la recopilaci\u00f3n, protecci\u00f3n y tratamiento de sus datos personales es <strong data-start=\"1532\" data-end=\"1540\">IDEA<\/strong>, con domicilio en Calle Irineo Michel, 59-A, Col. Las Palmas, Hermosillo, Sonora, M\u00e9xico, 83270, y correo electr\u00f3nico <strong data-start=\"1600\" data-end=\"1620\"><a href=\"mailto:info@ideainm.com\" rel=\"noopener\" data-start=\"1602\" data-end=\"1618\">info@ideainm.com<\/a><\/strong>.<\/p><h3 class=\"\" data-start=\"1623\" data-end=\"1669\">Finalidades del tratamiento de sus datos personales<\/h3><p class=\"\" data-start=\"1671\" data-end=\"1738\">Los datos personales proporcionados se utilizar\u00e1n para los siguientes fines:<\/p><ul data-start=\"1740\" data-end=\"2138\"><li class=\"\" data-start=\"1740\" data-end=\"1786\"><p class=\"\" data-start=\"1742\" data-end=\"1786\">Para identificarte como cliente y\/o proveedor.<\/p><\/li><li class=\"\" data-start=\"1787\" data-end=\"1828\"><p class=\"\" data-start=\"1789\" data-end=\"1828\">Para cumplir con cualquier obligaci\u00f3n contractual.<\/p><\/li><li class=\"\" data-start=\"1829\" data-end=\"1873\"><p class=\"\" data-start=\"1831\" data-end=\"1873\">Emitir y enviar los recibos fiscales correspondientes.<\/p><\/li><li class=\"\" data-start=\"1874\" data-end=\"1919\"><p class=\"\" data-start=\"1876\" data-end=\"1919\">Para ejecutar acuerdos o instrumentos legales.<\/p><\/li><li class=\"\" data-start=\"1920\" data-end=\"1973\"><p class=\"\" data-start=\"1922\" data-end=\"1973\">Para dar seguimiento a procedimientos, solicitudes o consultas.<\/p><\/li><li class=\"\" data-start=\"1974\" data-end=\"2021\"><p class=\"\" data-start=\"1976\" data-end=\"2021\">Para informarle sobre productos y\/o servicios.<\/p><\/li><li class=\"\" data-start=\"2022\" data-end=\"2066\"><p class=\"\" data-start=\"2024\" data-end=\"2066\">Crear y gestionar registros y bases de datos.<\/p><\/li><li class=\"\" data-start=\"2067\" data-end=\"2138\"><p class=\"\" data-start=\"2069\" data-end=\"2138\">Para informar a las autoridades administrativas o legales, seg\u00fan lo exija la ley.<\/p><\/li><\/ul><h3 class=\"\" data-start=\"2140\" data-end=\"2201\">Medidas para limitar el uso o la divulgaci\u00f3n de sus datos personales<\/h3><p class=\"\" data-start=\"2203\" data-end=\"2505\">Si no desea seguir recibiendo informaci\u00f3n promocional de <strong data-start=\"2273\" data-end=\"2281\">IDEA<\/strong>, puede solicitar una limitaci\u00f3n en el uso de sus datos enviando un correo electr\u00f3nico a <strong data-start=\"2359\" data-end=\"2379\"><a href=\"mailto:info@ideainm.com\" rel=\"noopener\" data-start=\"2361\" data-end=\"2377\">info@ideainm.com<\/a><\/strong>. Incluya informaci\u00f3n suficiente para verificar su identidad y, si procede, la identidad de su representante legal.<\/p><h3 class=\"\" data-start=\"2507\" data-end=\"2532\">Revocaci\u00f3n del consentimiento<\/h3><p class=\"\" data-start=\"2534\" data-end=\"2742\">Puede revocar su consentimiento para el uso de sus datos personales en cualquier momento enviando una solicitud a <strong data-start=\"2632\" data-end=\"2652\"><a href=\"mailto:info@ideainm.com\" rel=\"noopener\" data-start=\"2634\" data-end=\"2650\">info@ideainm.com<\/a><\/strong>, junto con la documentaci\u00f3n que acredite su identidad y\/o la de su representante legal.<\/p><h3 class=\"\" data-start=\"2744\" data-end=\"2759\">Derechos ARCO<\/h3><p class=\"\" data-start=\"2761\" data-end=\"2829\">De conformidad con el art\u00edculo 28 de la LFPDPPP, usted tiene derecho a:<\/p><ul data-start=\"2831\" data-end=\"3003\"><li class=\"\" data-start=\"2831\" data-end=\"2863\"><p class=\"\" data-start=\"2833\" data-end=\"2863\"><strong data-start=\"2833\" data-end=\"2843\">Acceder<\/strong> a sus datos personales.<\/p><\/li><li class=\"\" data-start=\"2864\" data-end=\"2912\"><p class=\"\" data-start=\"2866\" data-end=\"2912\"><strong data-start=\"2866\" data-end=\"2877\">Rectificar<\/strong> cualquier dato inexacto o incompleto.<\/p><\/li><li class=\"\" data-start=\"2913\" data-end=\"2958\"><p class=\"\" data-start=\"2915\" data-end=\"2958\"><strong data-start=\"2915\" data-end=\"2925\">Cancelar<\/strong> el consentimiento otorgado previamente.<\/p><\/li><li class=\"\" data-start=\"2959\" data-end=\"3003\"><p class=\"\" data-start=\"2961\" data-end=\"3003\"><strong data-start=\"2961\" data-end=\"2971\">Oponerse<\/strong> al tratamiento de sus datos.<\/p><\/li><\/ul><p class=\"\" data-start=\"3005\" data-end=\"3154\">Para ejercer estos derechos, env\u00ede una solicitud por escrito a <strong data-start=\"3064\" data-end=\"3084\"><a href=\"mailto:info@ideainm.com\" rel=\"noopener\" data-start=\"3066\" data-end=\"3082\">info@ideainm.com<\/a><\/strong>. Su solicitud ser\u00e1 atendida en un plazo m\u00e1ximo de 20 d\u00edas h\u00e1biles.<\/p><h3 class=\"\" data-start=\"3156\" data-end=\"3185\">Transferencia de datos personales<\/h3><p class=\"\" data-start=\"3187\" data-end=\"3332\"><strong data-start=\"3187\" data-end=\"3195\">IDEA<\/strong> puede transferir sus datos personales a sus subsidiarias o empresas afiliadas, en los mismos t\u00e9rminos y con los mismos fines descritos en este aviso.<\/p><h3 class=\"\" data-start=\"3334\" data-end=\"3362\">Medidas de protecci\u00f3n de datos<\/h3><p class=\"\" data-start=\"3364\" data-end=\"3518\">Para proteger sus datos personales, <strong data-start=\"3395\" data-end=\"3403\">IDEA<\/strong> ha implementado medidas de seguridad t\u00e9cnicas, administrativas y digitales para evitar el uso indebido o el acceso no autorizado.<\/p><h3 class=\"\" data-start=\"3520\" data-end=\"3547\">Uso de medios electr\u00f3nicos<\/h3><p class=\"\" data-start=\"3549\" data-end=\"3689\">Al utilizar las plataformas digitales de <strong data-start=\"3558\" data-end=\"3566\">IDEA<\/strong>, usted acepta el uso de \u00abcookies\u00bb u otras tecnolog\u00edas de seguimiento que ayudan a mejorar la experiencia del usuario.<\/p><h3 class=\"\" data-start=\"3691\" data-end=\"3724\">Cambios en el aviso de privacidad<\/h3><p class=\"\" data-start=\"3726\" data-end=\"3913\">Nos reservamos el derecho de modificar este aviso de privacidad para cumplir con nuevos requisitos legales o pol\u00edticas internas. Las actualizaciones se publicar\u00e1n en nuestro sitio web <a href=\"https:\/\/www.ideainm.com\/es\/\"><strong>https:\/\/www.ideainm.com<\/strong><\/a>.<\/p><h3 class=\"\" data-start=\"3915\" data-end=\"3929\">Aceptaci\u00f3n<\/h3><p class=\"\" data-start=\"3931\" data-end=\"4145\">Al acceder a nuestro sitio web, los usuarios reconocen que han le\u00eddo y comprendido este aviso de privacidad y, por lo tanto, dan su consentimiento para el tratamiento de su informaci\u00f3n personal en los t\u00e9rminos descritos anteriormente.<\/p>\t\t\t\t\t\t\t\t<\/div>\n\t\t\t\t<\/div>\n\t\t\t\t<\/div>\n\t\t\t\t<\/div>\n\t\t\t\t<\/div>","protected":false},"excerpt":{"rendered":"<p>Privacy Policy At IDEA (IDEA INTEGRACION EN DESARROLLO INMOBILIARIO Y ARQUITECTURA), the protection of your personal data is of utmost importance. Therefore, we make this Privacy Notice available to you in accordance with the provisions of the Federal Law on Protection of Personal Data Held by Private Parties (hereinafter referred to as \u201cLFPDPPP\u201d). This document [&hellip;]<\/p>\n","protected":false},"author":1,"featured_media":0,"parent":0,"menu_order":0,"comment_status":"closed","ping_status":"open","template":"elementor_header_footer","meta":{"footnotes":""},"class_list":["post-3","page","type-page","status-publish","hentry"],"aioseo_notices":[],"_links":{"self":[{"href":"https:\/\/www.ideainm.com\/es\/wp-json\/wp\/v2\/pages\/3","targetHints":{"allow":["GET"]}}],"collection":[{"href":"https:\/\/www.ideainm.com\/es\/wp-json\/wp\/v2\/pages"}],"about":[{"href":"https:\/\/www.ideainm.com\/es\/wp-json\/wp\/v2\/types\/page"}],"author":[{"embeddable":true,"href":"https:\/\/www.ideainm.com\/es\/wp-json\/wp\/v2\/users\/1"}],"replies":[{"embeddable":true,"href":"https:\/\/www.ideainm.com\/es\/wp-json\/wp\/v2\/comments?post=3"}],"version-history":[{"count":10,"href":"https:\/\/www.ideainm.com\/es\/wp-json\/wp\/v2\/pages\/3\/revisions"}],"predecessor-version":[{"id":396,"href":"https:\/\/www.ideainm.com\/es\/wp-json\/wp\/v2\/pages\/3\/revisions\/396"}],"wp:attachment":[{"href":"https:\/\/www.ideainm.com\/es\/wp-json\/wp\/v2\/media?parent=3"}],"curies":[{"name":"wp","href":"https:\/\/api.w.org\/{rel}","templated":true}]}}